{"id":537,"date":"2018-10-29T13:10:52","date_gmt":"2018-10-29T13:10:52","guid":{"rendered":"http:\/\/www.segurosdelvalle.es\/?page_id=537"},"modified":"2021-01-26T10:18:29","modified_gmt":"2021-01-26T10:18:29","slug":"aviso-legal-y-politica-de-privacidad","status":"publish","type":"page","link":"https:\/\/www.segurosdelvalle.es\/index.php\/aviso-legal-y-politica-de-privacidad\/","title":{"rendered":"Aviso Legal y Pol\u00edtica de Privacidad"},"content":{"rendered":"<div id='av_section_1'  class='avia-section main_color avia-section-small avia-no-border-styling  avia-bg-style-scroll  avia-builder-el-0  el_before_av_section  avia-builder-el-first   container_wrap sidebar_right' style=' '  ><div class='container' ><main  role=\"main\" itemprop=\"mainContentOfPage\"  class='template-page content  av-content-small alpha units'><div class='post-entry post-entry-type-page post-entry-537'><div class='entry-content-wrapper clearfix'>\n<section class=\"av_textblock_section \"  itemscope=\"itemscope\" itemtype=\"https:\/\/schema.org\/CreativeWork\" ><div class='avia_textblock  '  style='font-size:15px; '  itemprop=\"text\" ><p style=\"text-align: Justify;\">En cumplimiento de la legislaci\u00f3n vigente en materia de protecci\u00f3n de datos de car\u00e1cter personal\u00a0<strong>(Reglamento Europeo 2016\/679 y dem\u00e1s normativa de desarrollo)<\/strong>, as\u00ed como la Ley 34\/2002, del 11 de julio, de Servicios de la Sociedad de la Informaci\u00f3n y de Comercio Electr\u00f3nico le informamos que el titular de:<\/p>\n<p style=\"text-align: Justify;\">SEGUROSDELVALLE.ES, es <strong>Eloisa del Valle S.L.U. (B95288361) <\/strong><\/p>\n<p style=\"text-align: Justify;\">Direcci\u00f3n: Calle Guipuzkoa 19 Bajo. 48920 Portugalete (Bizkaia).<\/p>\n<p style=\"text-align: Justify;\">Correo electr\u00f3nico:\u00a0<a href=\"mailto:info@segurosdelvalle.es\">info@segurosdelvalle.es<\/a><\/p>\n<\/div><\/section>\n<div  style='height:50px' class='hr hr-invisible   avia-builder-el-2  el_after_av_textblock  el_before_av_textblock '><span class='hr-inner ' ><span class='hr-inner-style'><\/span><\/span><\/div>\n<section class=\"av_textblock_section \"  itemscope=\"itemscope\" itemtype=\"https:\/\/schema.org\/CreativeWork\" ><div class='avia_textblock  '  style='font-size:15px; '  itemprop=\"text\" ><h1>Aviso Legal<\/h1>\n<h3>2. CONDICIONES GENERALES DEL USO DE ESTE SITIO WEB.<\/h3>\n<p style=\"text-align: Justify;\">El acceso a esta p\u00e1gina web le atribuye la condici\u00f3n de \u201cUsuario\u201d, implicando su aceptaci\u00f3n expresa y sin reservas de las condiciones generales que est\u00e9n publicadas en SEGUROSDELVALLE.ES en el momento en que acceda a la web. Por lo tanto, el Usuario deber\u00e1 leer las presentes condiciones generales de uso, en cada una de las ocasiones en que se proponga acceder y en su caso utilizar los servicios prestados a trav\u00e9s de esta web, ya que \u00e9stas pueden sufrir modificaciones.<\/p>\n<h4 style=\"padding-left: 30px;\">2.1.-Objeto y \u00e1mbito de aplicaci\u00f3n.<\/h4>\n<p style=\"text-align: justify; padding-left: 30px;\">Las presentes condiciones generales de uso, regulan el acceso, navegaci\u00f3n y uso de\u00a0SEGUROSDELVALLE.ES as\u00ed como las responsabilid \u00a0derivadas de la utilizaci\u00f3n de sus contenidos tales como los textos, gr\u00e1ficos, dibujos, dise\u00f1os, c\u00f3digos, software, fotograf\u00edas, m\u00fasica, v\u00eddeos, sonidos, bases de datos, im\u00e1genes, expresiones e informaciones, as\u00ed como cualquier otra creaci\u00f3n protegida por las leyes nacionales y los tratados internacionales sobre propiedad intelectual e industrial.<\/p>\n<h4 style=\"padding-left: 30px;\">2.2.-Condiciones acceso y utilizaci\u00f3n de los servicios.<\/h4>\n<p style=\"text-align: justify; padding-left: 30px;\">En todo momento, el Usuario debe realizar un uso l\u00edcito de los servicios de la presente web, de acuerdo con las presentes condiciones generales, as\u00ed como las pr\u00e1cticas generalmente aceptadas en Internet.<\/p>\n<p style=\"text-align: justify; padding-left: 30px;\">El Usuario garantiza que toda la informaci\u00f3n aportada a trav\u00e9s de los formularios incluidos en esta web es l\u00edcita, real, exacta, veraz y actualizada. Ser\u00e1 exclusiva responsabilidad del Usuario la comunicaci\u00f3n inmediata a Eloisa Del Valle, S.L.U. de cualquier modificaci\u00f3n que pueda darse en la informaci\u00f3n suministrada.<\/p>\n<p style=\"text-align: justify; padding-left: 30px;\">El Usuario se abstendr\u00e1 de: introducir virus, programas, macros o cualquier secuencia de caracteres con la finalidad de da\u00f1ar o alterar los sistemas inform\u00e1ticos de esta web; obstaculizar el acceso de otros usuarios mediante el consumo masivo de recursos; captar datos incluidos en esta web con finalidad publicitaria; reproducir, copiar, distribuir, transformar o poner a disposici\u00f3n de terceros los contenidos incluidos en esta web; realizar acciones a trav\u00e9s de los servicios incluidos es esta web que puedan lesionar la propiedad intelectual, derechos al honor, a la imagen y la intimidad personal de terceros; realizar acciones de competencia desleal y publicidad il\u00edcita.<\/p>\n<h3>3. DERECHOS DE PROPIEDAD INTELECTUAL E INDUSTRIAL.<\/h3>\n<p style=\"text-align: Justify;\">Eloisa Del Valle, S.L.U. es titular de los derechos de propiedad intelectual e industrial de todos los elementos que integran , SEGUROSDELVALLE.ES incluyendo la marca, nombre comercial o signo distintivo. En particular y a t\u00edtulo no limitativo, est\u00e1n protegidos por los derechos de autor, el dise\u00f1o gr\u00e1fico, c\u00f3digo fuente, logos, textos, gr\u00e1ficos, ilustraciones, fotograf\u00edas, sonidos y dem\u00e1s elementos contenidos en sitio web.<\/p>\n<p style=\"text-align: Justify;\">En ning\u00fan caso el acceso o navegaci\u00f3n en SEGUROSDELVALLE.ES \u00a0implica renuncia, transmisi\u00f3n o licencia total o parcial de Eloisa Del Valle, S.L.U.\u00a0 para uso personal al Usuario sobre sus derechos de propiedad intelectual e industrial.\u00a0Por ello, el Usuario reconoce que la reproducci\u00f3n, copiado, distribuci\u00f3n, comercializaci\u00f3n, transformaci\u00f3n, reutilizaci\u00f3n, comunicaci\u00f3n p\u00fablica y en general, cualquier otra forma de explotaci\u00f3n, por cualquier procedimiento, de todo o parte de los contenidos de SEGUROSDELVALLE.ES sin autorizaci\u00f3n expresa y por escrito de, Eloisa Del Valle, S.L.U. constituye una infracci\u00f3n de sus derechos de propiedad intelectual y\/o industrial.<\/p>\n<h3>4. R\u00c9GIMEN DE RESPONSABILIDAD Y GARANT\u00cdAS.<\/h3>\n<p style=\"text-align: Justify;\">Eloisa Del Valle, S.L.U. declara que ha adoptado las medidas tanto t\u00e9cnicas como organizativas, que dentro de sus posibilidades y el estado de la tecnolog\u00eda, permitan el correcto funcionamiento de la web as\u00ed como la ausencia de virus y componentes da\u00f1inos, sin embargo no puede hacerse responsable de:<\/p>\n<ul>\n<li style=\"text-align: Justify;\">(a) la continuidad y disponibilidad de los contenidos y servicios recogidos en SEGUROSDELVALLE.ES ;<\/li>\n<li>(b) la ausencia de errores en dichos contenidos ni la correcci\u00f3n de cualquier defecto que pudiera ocurrir;<\/li>\n<li style=\"text-align: Justify;\">(c) la ausencia de virus y\/o dem\u00e1s componentes da\u00f1inos en SEGUROSDELVALLE.ES ;<\/li>\n<li>(d) la inexpugnabilidad de las medidas de seguridad que se han adoptado;<\/li>\n<li>(e) los da\u00f1os o perjuicios que cause cualquier persona que vulnere los sistemas de seguridad de SEGUROSDELVALLE.ES<\/li>\n<\/ul>\n<p style=\"text-align: Justify;\">El Usuario ser\u00e1 el \u00fanico responsable ante terceros, de cualquier comunicaci\u00f3n enviada personalmente o a su nombre a SEGUROSDELVALLE.ES as\u00ed como del uso ileg\u00edtimo de los contenidos y servicios contenidos en esta web.<\/p>\n<p style=\"text-align: Justify;\">Eloisa Del Valle, S.L.U. se reserva el derecho a suspender temporalmente y sin previo aviso, la accesibilidad a SEGUROSDELVALLE.ES\u00a0 con motivo de operaciones de mantenimiento, reparaci\u00f3n, actualizaci\u00f3n o mejora. Siempre que las circunstancias lo permitan Eloisa Del Valle, S.L.U. publicar\u00e1 en su web, con antelaci\u00f3n suficiente, un aviso indicando la fecha prevista para la suspensi\u00f3n de los servicios.<\/p>\n<p style=\"text-align: Justify;\">Los enlaces a otras p\u00e1ginas web que en su caso existan en SEGUROSDELVALLE.ES pueden llevarle a sitios web de los que Eloisa Del Valle, S.L.U. no asume ninguna responsabilidad, ya que no tiene ning\u00fan tipo de control sobre los mismos, siendo su finalidad, informar al Usuario de otras fuentes de informaci\u00f3n, por lo que el Usuario accede bajo su exclusiva responsabilidad al contenido y en las condiciones de uso que rijan en los mismos.<\/p>\n<p style=\"text-align: Justify;\">Eloisa Del Valle, S.L.U. no se responsabiliza del uso que los Usuarios puedan hacer de los contenidos y servicios incluidos en su web. En consecuencia no garantiza que el uso que los Usuarios puedan hacer de los contenidos y servicios referidos, se ajusten a las presentes condiciones generales de uso, ni que lo hagan de forma diligente.<\/p>\n<h3>5. DURACI\u00d3N Y MODIFICACI\u00d3N.<\/h3>\n<p style=\"text-align: Justify;\">Eloisa Del Valle, S.L.U. se reserva el derecho a modificar, total o parcialmente, las presentes condiciones generales de acceso publicando los cambios en SEGUROSDELVALLE.ES Asimismo podr\u00e1 efectuar sin previo aviso las modificaciones que considere oportunas en el sitio web, pudiendo cambiar, suprimir o a\u00f1adir tanto los contenidos y servicios que presta, como la forma en la que \u00e9stos aparezcan presentados o localizados. En consecuencia se entender\u00e1n como vigentes, las condiciones generales que est\u00e9n publicadas en el momento en el que el Usuario acceda a SEGUROSDELVALLE.ES \u00a0por lo que el Usuario deber\u00e1 leer peri\u00f3dicamente dichas condiciones de uso.<\/p>\n<p>Con independencia de lo dispuesto en las condiciones particulares, Eloisa Del Valle, S.L.U. podr\u00e1 dar por terminado, suspender o interrumpir, en cualquier momento sin necesidad de preaviso, el acceso a los contenidos de la p\u00e1gina, sin posibilidad por parte del Usuario de exigir indemnizaci\u00f3n alguna.<\/p>\n<h3>6. LEGISLACI\u00d3N APLICABLE Y COMPETENCIA JURISDICCIONAL.<\/h3>\n<p style=\"text-align: Justify;\">Las relaciones establecidas entre Eloisa Del Valle, S.L.U. y el Usuario se regir\u00e1n por lo dispuesto en la normativa vigente acerca de la legislaci\u00f3n aplicable y la jurisdicci\u00f3n competente. No obstante, para los casos en los que la normativa prevea la posibilidad a las partes de someterse a un fuero, Eloisa Del Valle, S.L.U. y el Usuario, con renuncia expresa a cualquier otro fuero que pudiera corresponderles, se someten a los Juzgados y Tribunales de la ciudad de Bilbao.<\/p>\n<\/div><\/section>\n<\/div><\/div><\/main><!-- close content main element --><\/div><\/div><div id='av_section_2'  class='avia-section main_color avia-section-default avia-no-border-styling  avia-bg-style-scroll  avia-builder-el-4  el_after_av_section  avia-builder-el-last   container_wrap sidebar_right' style=' '  ><div class='container' ><div class='template-page content  av-content-small alpha units'><div class='post-entry post-entry-type-page post-entry-537'><div class='entry-content-wrapper clearfix'>\n<section class=\"av_textblock_section \"  itemscope=\"itemscope\" itemtype=\"https:\/\/schema.org\/CreativeWork\" ><div class='avia_textblock  '  style='font-size:15px; '  itemprop=\"text\" ><h1>Pol\u00edtica de Privacidad<\/h1>\n<p>En Eloisa Del Valle, S.L.U. hemos adaptado nuestros protocolos y pol\u00edticas de privacidad al Reglamento Europeo de Protecci\u00f3n de Datos 679\/2016 (RGPD) dado que nos preocupa la seguridad y la protecci\u00f3n de los datos que tratamos.<\/p>\n<h3><strong>1. QUI\u00c9N ES EL RESPONSABLE DEL TRATAMIENTO DE DATOS<\/strong><\/h3>\n<p>Eloisa Del Valle, S.L.U. , con domicilio en Calle Guipuzkoa 19 Bajo. 49820 Portugalete (Bizkaia), es el responsable del correcto tratamiento de sus datos. Puede Vd. consultar sobre este tratamiento a trav\u00e9s del siguiente mail\u00a0<a href=\"mailto:info@segurosdelvalle.es\">info@segurosdelvalle.es<\/a><\/p>\n<h3><strong>2. PARA QU\u00c9 UTILIZAMOS SUS DATOS Y CUANTO TIEMPO LOS CONSERVAMOS<\/strong><\/h3>\n<p>En Eloisa Del Valle, S.L.U. tratamos la informaci\u00f3n que nos facilitan las personas interesadas con el fin de gestionar el env\u00edo de la informaci\u00f3n que nos soliciten. Facilitar a los interesados ofertas de productos y servicios de su inter\u00e9s.<\/p>\n<p>Los datos personales proporcionados se conservar\u00e1n mientras se mantenga la relaci\u00f3n contractual, no se solicite su supresi\u00f3n por el interesado durante un plazo de XX a\u00f1os a partir de la \u00faltima confirmaci\u00f3n de inter\u00e9s.<\/p>\n<p>Hay datos que por su naturaleza, debemos conservar a pesar de que nos retire su consentimiento por la existencia de una obligaci\u00f3n legal.<\/p>\n<h3><strong>3. CU\u00c1L ES LA BASE LEGAL PARA EL TRATAMIENTO DE LOS DATOS<\/strong><\/h3>\n<p>La utilizaci\u00f3n de los datos que nos has facilitado, es necesaria para la correcta gesti\u00f3n de las relaciones con los Clientes \/ Colaboradores y, adem\u00e1s, poder cumplir con las obligaciones legales.<\/p>\n<p>En cualquier momento puede manifestar su oposici\u00f3n al uso de sus datos y, por lo tanto, dejar sin efecto cualquier tipo de gesti\u00f3n con los mismos, quedando \u00fanicamente sus datos bloqueados durante el tiempo legalmente previsto. \u00danicamente comunicarle que el no consentimiento puede conllevar que los servicios sean imposibles de prestar.<\/p>\n<h3><strong>4. VAN A CEDER MIS DATOS.<\/strong><\/h3>\n<p>En principio no se ceder\u00e1n datos salvo obligaci\u00f3n legal.<\/p>\n<p>Ahora bien, sus datos podr\u00e1n ser cedidos a profesionales y\/o proveedores de esta Entidad a los solos efectos cumplimiento contractual o bien, a proveedores del servicios de esta Entidad como son las asesor\u00edas, servicios inform\u00e1ticos, servicios de almacenamiento en la nube, etc.<\/p>\n<h3><strong>5. DURANTE CU\u00c1NTO CONSERVAREMOS SUS DATOS PERSONALES<\/strong><\/h3>\n<p>Solamente conservaremos sus datos personales mientras que mantengamos una relaci\u00f3n contractual, mientras que exista un requisito legal que lo obligue, mientras que Vd. no ejerza ninguno de los derechos que hagan que no podamos tratar sus datos o durante un plazo de XX a\u00f1os a partir de la \u00faltima confirmaci\u00f3n de inter\u00e9s.<\/p>\n<h3><strong>6. C\u00d3MO PUEDO EJERCER MIS DERECHOS<\/strong><\/h3>\n<p>Como titular de derechos, Vd. tiene el control de sus datos y, por lo tanto, en cualquier momento puede ejercitar sus derechos, envi\u00e1ndonos un mail a\u00a0<a href=\"mailto:info@segurosdelvalle.es\">info@segurosdelvalle.es<\/a><\/p>\n<p>Los derechos que puede ejercitar son:<\/p>\n<ul>\n<li>Derecho a solicitar el acceso a los datos personales relativos al interesado.<\/li>\n<li>Derecho a solicitar su rectificaci\u00f3n o supresi\u00f3n.<\/li>\n<li>Derecho a solicitar la limitaci\u00f3n de su tratamiento.<\/li>\n<li>Derecho a oponerse al tratamiento.<\/li>\n<li>Derecho a la portabilidad de los datos.<\/li>\n<\/ul>\n<p>Se informa a los usuarios, que tiene derecho a revocar el consentimiento en cualquier momento, sin que ello afecte a la licitud del tratamiento basado en el consentimiento previo a su retirada.<\/p>\n<p>As\u00ed mismo se informa a los interesados de que pueden presentar una reclamaci\u00f3n ante la Autoridad de Control en materia de Protecci\u00f3n de Datos competente, especialmente cuando no haya obtenido satisfacci\u00f3n en el ejercicio de sus derechos.<\/p>\n<p>Todos sus derechos puede solicitarlos indicando su nombre y haci\u00e9ndonos llegar una fotocopia de su identificaci\u00f3n con la solicitud.<\/p>\n<\/div><\/section>\n<\/div><\/div><\/div><!-- close content main div --><\/div><\/div><div id='after_section_2'  class='main_color av_default_container_wrap container_wrap sidebar_right' style=' '  ><div class='container' ><div class='template-page content  av-content-small alpha units'><div class='post-entry post-entry-type-page post-entry-537'><div class='entry-content-wrapper clearfix'><\/p>\n","protected":false},"excerpt":{"rendered":"","protected":false},"author":1,"featured_media":0,"parent":0,"menu_order":0,"comment_status":"closed","ping_status":"closed","template":"","meta":{"footnotes":""},"class_list":["post-537","page","type-page","status-publish","hentry"],"aioseo_notices":[],"_links":{"self":[{"href":"https:\/\/www.segurosdelvalle.es\/index.php\/wp-json\/wp\/v2\/pages\/537","targetHints":{"allow":["GET"]}}],"collection":[{"href":"https:\/\/www.segurosdelvalle.es\/index.php\/wp-json\/wp\/v2\/pages"}],"about":[{"href":"https:\/\/www.segurosdelvalle.es\/index.php\/wp-json\/wp\/v2\/types\/page"}],"author":[{"embeddable":true,"href":"https:\/\/www.segurosdelvalle.es\/index.php\/wp-json\/wp\/v2\/users\/1"}],"replies":[{"embeddable":true,"href":"https:\/\/www.segurosdelvalle.es\/index.php\/wp-json\/wp\/v2\/comments?post=537"}],"version-history":[{"count":16,"href":"https:\/\/www.segurosdelvalle.es\/index.php\/wp-json\/wp\/v2\/pages\/537\/revisions"}],"predecessor-version":[{"id":968,"href":"https:\/\/www.segurosdelvalle.es\/index.php\/wp-json\/wp\/v2\/pages\/537\/revisions\/968"}],"wp:attachment":[{"href":"https:\/\/www.segurosdelvalle.es\/index.php\/wp-json\/wp\/v2\/media?parent=537"}],"curies":[{"name":"wp","href":"https:\/\/api.w.org\/{rel}","templated":true}]}}