{"id":14,"date":"2014-09-22T15:02:12","date_gmt":"2014-09-22T15:02:12","guid":{"rendered":"http:\/\/www.segurosdelvalle.es\/?page_id=14"},"modified":"2020-10-02T16:52:35","modified_gmt":"2020-10-02T16:52:35","slug":"contactar","status":"publish","type":"page","link":"https:\/\/www.segurosdelvalle.es\/index.php\/contactar\/","title":{"rendered":"Contactar"},"content":{"rendered":"<div id='av_section_1'  class='avia-section main_color avia-section-default avia-no-border-styling  av-section-color-overlay-active avia-bg-style-fixed  avia-builder-el-0  avia-builder-el-no-sibling   av-minimum-height av-minimum-height-custom  container_wrap sidebar_right' style=' '  ><div class='av-section-color-overlay-wrap'><div class='av-section-color-overlay' style='opacity: 0.5; background-color: #ffffff; '><\/div><div class='container' style='height:250px'><main  role=\"main\" itemprop=\"mainContentOfPage\"  class='template-page content  av-content-small alpha units'><div class='post-entry post-entry-type-page post-entry-14'><div class='entry-content-wrapper clearfix'>\n<div class='flex_column_table av-equal-height-column-flextable -flextable' ><div class=\"flex_column av_one_half  flex_column_table_cell av-equal-height-column av-align-top av-zero-column-padding first  avia-builder-el-1  el_before_av_one_half  avia-builder-el-first  \" style='border-radius:0px; '><p><div  style='height:25px' class='hr hr-invisible   avia-builder-el-2  el_before_av_textblock  avia-builder-el-first '><span class='hr-inner ' ><span class='hr-inner-style'><\/span><\/span><\/div><br \/>\n<section class=\"av_textblock_section \"  itemscope=\"itemscope\" itemtype=\"https:\/\/schema.org\/CreativeWork\" ><div class='avia_textblock  '   itemprop=\"text\" ><p><iframe loading=\"lazy\" style=\"border: 0;\" src=\"https:\/\/www.google.com\/maps\/embed?pb=!1m18!1m12!1m3!1d2052.4971923253183!2d-3.021763777394927!3d43.32118037366013!2m3!1f0!2f0!3f0!3m2!1i1024!2i768!4f13.1!3m3!1m2!1s0xd4e59867bc1169b%3A0x388910c299538af9!2sElo%C3%ADsa+del+Valle!5e0!3m2!1ses!2ses!4v1540812277858\" width=\"800\" height=\"450\" frameborder=\"0\" allowfullscreen=\"allowfullscreen\"><\/iframe><\/p>\n<\/div><\/section><br \/>\n<div  class='avia-button-wrap avia-button-left  avia-builder-el-4  el_after_av_textblock  el_before_av_hr ' ><a href='https:\/\/goo.gl\/maps\/SGMRbYfi9VK2' class='avia-button  avia-color-theme-color   avia-icon_select-yes-left-icon avia-size-small avia-position-left ' target=\"_blank\" rel=\"noopener noreferrer\"><span class='avia_button_icon avia_button_icon_left ' aria-hidden='true' data-av_icon='\ue842' data-av_iconfont='entypo-fontello'><\/span><span class='avia_iconbox_title' >C\u00f3mo Llegar?<\/span><\/a><\/div><br \/>\n<div  style='height:25px' class='hr hr-invisible   avia-builder-el-5  el_after_av_button  el_before_av_icon_box '><span class='hr-inner ' ><span class='hr-inner-style'><\/span><\/span><\/div><br \/>\n<article  class=\"iconbox iconbox_left    avia-builder-el-6  el_after_av_hr  el_before_av_icon_box  \"  itemscope=\"itemscope\" itemtype=\"https:\/\/schema.org\/CreativeWork\" ><div class=\"iconbox_content\"><header class=\"entry-content-header\"><div class=\"iconbox_icon heading-color\" aria-hidden='true' data-av_icon='\ue821' data-av_iconfont='entypo-fontello'  ><\/div><\/header><div class='iconbox_content_container  '  itemprop=\"text\"  ><h5>Calle Guipuzkoa 19 Bajo. 48920 Portugalete (Bizkaia).<\/h5>\n<\/div><\/div><footer class=\"entry-footer\"><\/footer><\/article><br \/>\n<article  class=\"iconbox iconbox_left    avia-builder-el-7  el_after_av_icon_box  el_before_av_icon_box  \"  itemscope=\"itemscope\" itemtype=\"https:\/\/schema.org\/CreativeWork\" ><div class=\"iconbox_content\"><header class=\"entry-content-header\"><div class=\"iconbox_icon heading-color\" aria-hidden='true' data-av_icon='\ue862' data-av_iconfont='entypo-fontello'  ><\/div><\/header><div class='iconbox_content_container  '  itemprop=\"text\"  ><h5><strong>Lunes a Jueves<\/strong>:\u00a09:30 a 14:00 &#8211; 16:00 a 19:00 &#8211; <strong>Viernes<\/strong>: 9:30 a 15:00<\/h5>\n<h5><\/h5>\n<\/div><\/div><footer class=\"entry-footer\"><\/footer><\/article><br \/>\n<article  class=\"iconbox iconbox_left    avia-builder-el-8  el_after_av_icon_box  el_before_av_icon_box  \"  itemscope=\"itemscope\" itemtype=\"https:\/\/schema.org\/CreativeWork\" ><div class=\"iconbox_content\"><header class=\"entry-content-header\"><div class=\"iconbox_icon heading-color\" aria-hidden='true' data-av_icon='\ue854' data-av_iconfont='entypo-fontello'  ><\/div><\/header><div class='iconbox_content_container  '  itemprop=\"text\"  ><h5>944 83 83 08<\/h5>\n<\/div><\/div><footer class=\"entry-footer\"><\/footer><\/article><br \/>\n<article  class=\"iconbox iconbox_left    avia-builder-el-9  el_after_av_icon_box  avia-builder-el-last  \"  itemscope=\"itemscope\" itemtype=\"https:\/\/schema.org\/CreativeWork\" ><div class=\"iconbox_content\"><header class=\"entry-content-header\"><div class=\"iconbox_icon heading-color\" aria-hidden='true' data-av_icon='\ue805' data-av_iconfont='entypo-fontello'  ><\/div><\/header><div class='iconbox_content_container  '  itemprop=\"text\"  ><h5><a href=\"mailto:info@segurosdelvalle.es\">info@segurosdelvalle.es<\/a><\/h5>\n<\/div><\/div><footer class=\"entry-footer\"><\/footer><\/article><\/p><\/div><div class='av-flex-placeholder'><\/div><div class=\"flex_column av_one_half  flex_column_table_cell av-equal-height-column av-align-top av-zero-column-padding   avia-builder-el-10  el_after_av_one_half  avia-builder-el-last  \" style='border-radius:0px; '><p><div  style='padding-bottom:10px; font-size:25px;' class='av-special-heading av-special-heading-h3  blockquote modern-quote  avia-builder-el-11  el_before_av_contact  avia-builder-el-first  av-inherit-size '><h3 class='av-special-heading-tag '  itemprop=\"headline\"  >Datos de Contacto<\/h3><div class='special-heading-border'><div class='special-heading-inner-border' ><\/div><\/div><\/div><br \/>\n<form action=\"https:\/\/www.segurosdelvalle.es\/index.php\/contactar\/\" method=\"post\"  class=\"avia_ajax_form av-form-labels-hidden   avia-builder-el-12  el_after_av_heading  avia-builder-el-last   \" data-avia-form-id=\"1\" data-avia-redirect='https:\/\/www.segurosdelvalle.es\/index.php\/respuesta-formulario\/' ><fieldset><p class='  first_form  form_element form_fullwidth' id='element_avia_1_1'><label for=\"avia_1_1\">Nombre <abbr class=\"required\" title=\"requerido\">*<\/abbr><\/label> <input name=\"avia_1_1\" class=\"text_input is_empty\" type=\"text\" id=\"avia_1_1\" value=\"\"  placeholder='Nombre*'\/><\/p><p class='  first_form  form_element form_fullwidth' id='element_avia_2_1'><label for=\"avia_2_1\">Correo electr\u00f3nico <abbr class=\"required\" title=\"requerido\">*<\/abbr><\/label> <input name=\"avia_2_1\" class=\"text_input is_email\" type=\"text\" id=\"avia_2_1\" value=\"\"  placeholder='Correo electr\u00f3nico*'\/><\/p><p class='  first_form  form_element form_fullwidth' id='element_avia_3_1'><label for=\"avia_3_1\">Asunto <abbr class=\"required\" title=\"requerido\">*<\/abbr><\/label> <input name=\"avia_3_1\" class=\"text_input is_empty\" type=\"text\" id=\"avia_3_1\" value=\"\"  placeholder='Asunto*'\/><\/p><p class='  first_form  form_element form_fullwidth' id='element_avia_4_1'><label for=\"avia_4_1\" class=\"textare_label hidden textare_label_avia_4_1\">Mensaje <abbr class=\"required\" title=\"requerido\">*<\/abbr><\/label><textarea  placeholder='Mensaje*' name=\"avia_4_1\" class=\"text_area is_empty\" cols=\"40\" rows=\"7\" id=\"avia_4_1\" ><\/textarea><\/p><div id='avia_5_1' class='av-form-text'><\/p>\n<p style=\"text-align: justify;\">De conformidad con la legislaci\u00f3n vigente en protecci\u00f3n de datos, le informamos que los datos personales contenidos en este formulario ser\u00e1n incorporados en nuestras bases de datos de las cuales es responsable <strong>Eloisa Del Valle, S.L.U.,<\/strong>\u00a0\u00a0con la finalidad de canalizar las solicitudes de informaci\u00f3n, sugerencias y reclamaciones de clientes para su gesti\u00f3n y resoluci\u00f3n. El cliente puede ejercer los derechos de acceso, rectificaci\u00f3n, oposici\u00f3n y cancelaci\u00f3n dirigi\u00e9ndose a Calle Guipuzkoa 19 Bajo. 48920 Portugalete (Bizkaia) o\u00a0por email a\u00a0<a href=\"mailto:info@segurosdelvalle.es\">info@segurosdelvalle.es<\/a><\/p>\n<p>\n<\/div><p class=' first_form  form_element form_fullwidth' id='element_avia_6_1'>    <input  name=\"avia_6_1\" class=\"input_checkbox \" type=\"checkbox\" id=\"avia_6_1\" value=\"true\"\/><label class=\"input_checkbox_label\" for=\"avia_6_1\">Acepto el Env\u00edo de Comunicaciones Comerciales.<\/label><\/p><div id='avia_7_1' class='av-form-text'><\/p>\n<p style=\"text-align: center;\"><a href=\"https:\/\/www.segurosdelvalle.es\/index.php\/aviso-legal-y-politica-de-privacidad\/\" target=\"_blank\" rel=\"noopener\">Leer\u00a0Aviso Legal y Pol\u00edtica de Privacidad<\/a><\/p>\n<p>\n<\/div><p class=' first_form  form_element form_fullwidth' id='element_avia_8_1'>    <input  name=\"avia_8_1\" class=\"input_checkbox is_empty\" type=\"checkbox\" id=\"avia_8_1\" value=\"true\"\/><label class=\"input_checkbox_label\" for=\"avia_8_1\">He Le\u00eddo y Aceptado el Aviso Legal. <abbr class=\"required\" title=\"requerido\">*<\/abbr><\/label><\/p><p class=\"hidden\"><input type=\"text\" name=\"avia_9_1\" class=\"hidden \" id=\"avia_9_1\" value=\"\" \/><\/p><div id='avia_10_1' class='av-recaptcha-area  first_form  form_element form_fullwidth '  data-container_class=\"\" data-custom_class=\"\" data-context=\"av_contact_form\" data-token_input=\"av_recaptcha_token\" data-version=\"avia_recaptcha_v2\" data-theme=\"light\" data-size=\"normal\" data-score=\"0.5\" data-text_to_preview=\"\" data-value=\"\"><div class=\"av-google-badge-message hidden\">This site is protected by reCAPTCHA and the Google <a href=\"https:\/\/policies.google.com\/privacy\">Privacy Policy<\/a> and <a href=\"https:\/\/policies.google.com\/terms\">Terms of Service<\/a> apply.<\/div><\/div><p class=\"form_element \"><input type=\"hidden\" value=\"1\" name=\"avia_generated_form1\" \/><input type=\"submit\" value=\"Enviar\" class=\"button\"  data-sending-label=\"Enviando\"\/><\/p><\/fieldset><div class=\"avia-disabled-form\">This contact form is deactivated because you refused to accept Google reCaptcha service which is necessary to validate any messages sent by the form.<\/div><\/form><div id=\"ajaxresponse_1\" class=\"ajaxresponse ajaxresponse_1 hidden\"><\/div><\/p><\/div><\/div><!--close column table wrapper. Autoclose: 1 --><\/div><\/div><\/main><!-- close content main element --><\/div><\/div><\/div><div id='after_section_1'  class='main_color av_default_container_wrap container_wrap sidebar_right' style=' '  ><div class='container' ><div class='template-page content  av-content-small alpha units'><div class='post-entry post-entry-type-page post-entry-14'><div class='entry-content-wrapper clearfix'>\n","protected":false},"excerpt":{"rendered":"","protected":false},"author":1,"featured_media":0,"parent":0,"menu_order":0,"comment_status":"closed","ping_status":"closed","template":"","meta":{"footnotes":""},"class_list":["post-14","page","type-page","status-publish","hentry"],"aioseo_notices":[],"_links":{"self":[{"href":"https:\/\/www.segurosdelvalle.es\/index.php\/wp-json\/wp\/v2\/pages\/14","targetHints":{"allow":["GET"]}}],"collection":[{"href":"https:\/\/www.segurosdelvalle.es\/index.php\/wp-json\/wp\/v2\/pages"}],"about":[{"href":"https:\/\/www.segurosdelvalle.es\/index.php\/wp-json\/wp\/v2\/types\/page"}],"author":[{"embeddable":true,"href":"https:\/\/www.segurosdelvalle.es\/index.php\/wp-json\/wp\/v2\/users\/1"}],"replies":[{"embeddable":true,"href":"https:\/\/www.segurosdelvalle.es\/index.php\/wp-json\/wp\/v2\/comments?post=14"}],"version-history":[{"count":153,"href":"https:\/\/www.segurosdelvalle.es\/index.php\/wp-json\/wp\/v2\/pages\/14\/revisions"}],"predecessor-version":[{"id":957,"href":"https:\/\/www.segurosdelvalle.es\/index.php\/wp-json\/wp\/v2\/pages\/14\/revisions\/957"}],"wp:attachment":[{"href":"https:\/\/www.segurosdelvalle.es\/index.php\/wp-json\/wp\/v2\/media?parent=14"}],"curies":[{"name":"wp","href":"https:\/\/api.w.org\/{rel}","templated":true}]}}